{"id":11,"date":"2023-10-25T18:31:46","date_gmt":"2023-10-25T16:31:46","guid":{"rendered":"https:\/\/ronald.lasecki.blog.patriarchat.pl\/?page_id=11"},"modified":"2023-11-13T20:37:56","modified_gmt":"2023-11-13T19:37:56","slug":"o-mnie","status":"publish","type":"page","link":"https:\/\/ronald.lasecki.blog.patriarchat.pl\/index.php\/o-mnie\/","title":{"rendered":"O mnie"},"content":{"rendered":"\n<p class=\"has-text-align-left has-white-background-color has-background\"><\/p>\n\n\n\n<figure class=\"wp-block-image size-full\"><img loading=\"lazy\" decoding=\"async\" width=\"960\" height=\"960\" src=\"https:\/\/ronald.lasecki.blog.patriarchat.pl\/wp-content\/uploads\/2023\/11\/299602783_10229004187469692_5317346835082140583_n-1.jpg\" alt=\"\" class=\"wp-image-45\" srcset=\"https:\/\/ronald.lasecki.blog.patriarchat.pl\/wp-content\/uploads\/2023\/11\/299602783_10229004187469692_5317346835082140583_n-1.jpg 960w, https:\/\/ronald.lasecki.blog.patriarchat.pl\/wp-content\/uploads\/2023\/11\/299602783_10229004187469692_5317346835082140583_n-1-300x300.jpg 300w, https:\/\/ronald.lasecki.blog.patriarchat.pl\/wp-content\/uploads\/2023\/11\/299602783_10229004187469692_5317346835082140583_n-1-150x150.jpg 150w, https:\/\/ronald.lasecki.blog.patriarchat.pl\/wp-content\/uploads\/2023\/11\/299602783_10229004187469692_5317346835082140583_n-1-768x768.jpg 768w, https:\/\/ronald.lasecki.blog.patriarchat.pl\/wp-content\/uploads\/2023\/11\/299602783_10229004187469692_5317346835082140583_n-1-60x60.jpg 60w, https:\/\/ronald.lasecki.blog.patriarchat.pl\/wp-content\/uploads\/2023\/11\/299602783_10229004187469692_5317346835082140583_n-1-468x468.jpg 468w\" sizes=\"auto, (max-width: 960px) 100vw, 960px\" \/><\/figure>\n\n\n\n<p><\/p>\n\n\n\n<p class=\"has-text-align-left\">Jestem publicyst\u0105 i komentatorem aktywnym w mediach antysystemowych. Moje teksty mo\u017cna znale\u017a\u0107 m.in. na \u0142amach tygodnika &#8220;My\u015bl Polska&#8221;, strony internetowej myslpolska.info, strony internetowej Instytutu Spraw Obywatelskich, na \u0142amach internetowego miesi\u0119cznika &#8220;Chrobry Szlak&#8221;, na stronie geopolitika.ru, okazjonalnie za\u015b te\u017c na \u0142amach prawicowych kwartalnik\u00f3w i na innych stronach internetowych. Udzielam si\u0119 jako komentator na kanale Centrum Edukacyjnego Polska i Chrobrego Szlaku, go\u015bcinnie r\u00f3wnie\u017c na innych kana\u0142ach. <\/p>\n\n\n\n<p>Moje zainteresowania publicystyczne obejmuj\u0105 geopolityk\u0119, my\u015bl polityczn\u0105 Prawicy &#8211; szczeg\u00f3lnie tradycjonalizm integralny, oraz antropologi\u0119 &#8211; szczeg\u00f3lnie antropologi\u0119 m\u0119sko\u015bci. Zainteresowania pozapublicystyczne mieszcz\u0105 si\u0119 w szeroko poj\u0119tym krajoznawstwie i bushcrafcie. Wi\u0119kszo\u015b\u0107 moich tekst\u00f3w oraz fotorelacji z wycieczek mo\u017cna znale\u017a\u0107 pod adresem<mark style=\"background-color:rgba(0, 0, 0, 0)\" class=\"has-inline-color has-vivid-red-color\"> <a href=\"https:\/\/ronald-lasecki.blogspot.com\/\" data-type=\"link\" data-id=\"https:\/\/ronald-lasecki.blogspot.com\/\"><strong>https:\/\/ronald-lasecki.blogspot.com\/<\/strong><\/a><\/mark>, ten blog po\u015bwi\u0119cony za\u015b b\u0119dzie tematycznie idei maskulinistycznej. <\/p>\n\n\n\n<p>Osoby zainteresowane finansowym wsparciem mojej dzia\u0142alno\u015bci publicystycznej zach\u0119cam do wp\u0142at na konto: 33 1240 1037 1111 0010 4749 8821 z dopiskiem &#8220;Darowizna&#8221; lub na zrzutk\u0119: <mark style=\"background-color:rgba(0, 0, 0, 0)\" class=\"has-inline-color has-vivid-red-color\"><strong><a href=\"https:\/\/zrzutka.pl\/xh3jz5\" data-type=\"link\" data-id=\"https:\/\/zrzutka.pl\/xh3jz5\">https:\/\/zrzutka.pl\/xh3jz5<\/a><\/strong><\/mark>. Pozyskane t\u0105 drog\u0105 \u015brodki finansowe przeznaczam na zakup obcoj\u0119zycznej prasy, literatury specjalistycznej i wykup dost\u0119p\u00f3w do specjalistycznych portali. <\/p>\n","protected":false},"excerpt":{"rendered":"<p>Publicysta i komentator, tradycjonalista integralny, to\u017csamo\u015bciowiec, zwolennik patriarchatu i trybalizmu. <\/p>\n","protected":false},"author":2,"featured_media":38,"parent":0,"menu_order":0,"comment_status":"closed","ping_status":"closed","template":"","meta":{"footnotes":""},"class_list":["post-11","page","type-page","status-publish","has-post-thumbnail","hentry"],"_links":{"self":[{"href":"https:\/\/ronald.lasecki.blog.patriarchat.pl\/index.php\/wp-json\/wp\/v2\/pages\/11","targetHints":{"allow":["GET"]}}],"collection":[{"href":"https:\/\/ronald.lasecki.blog.patriarchat.pl\/index.php\/wp-json\/wp\/v2\/pages"}],"about":[{"href":"https:\/\/ronald.lasecki.blog.patriarchat.pl\/index.php\/wp-json\/wp\/v2\/types\/page"}],"author":[{"embeddable":true,"href":"https:\/\/ronald.lasecki.blog.patriarchat.pl\/index.php\/wp-json\/wp\/v2\/users\/2"}],"replies":[{"embeddable":true,"href":"https:\/\/ronald.lasecki.blog.patriarchat.pl\/index.php\/wp-json\/wp\/v2\/comments?post=11"}],"version-history":[{"count":13,"href":"https:\/\/ronald.lasecki.blog.patriarchat.pl\/index.php\/wp-json\/wp\/v2\/pages\/11\/revisions"}],"predecessor-version":[{"id":57,"href":"https:\/\/ronald.lasecki.blog.patriarchat.pl\/index.php\/wp-json\/wp\/v2\/pages\/11\/revisions\/57"}],"wp:featuredmedia":[{"embeddable":true,"href":"https:\/\/ronald.lasecki.blog.patriarchat.pl\/index.php\/wp-json\/wp\/v2\/media\/38"}],"wp:attachment":[{"href":"https:\/\/ronald.lasecki.blog.patriarchat.pl\/index.php\/wp-json\/wp\/v2\/media?parent=11"}],"curies":[{"name":"wp","href":"https:\/\/api.w.org\/{rel}","templated":true}]}}